{"id":3309,"date":"2012-12-09T00:05:10","date_gmt":"2012-12-08T23:05:10","guid":{"rendered":"https:\/\/truckonline.de\/blog\/?page_id=3309"},"modified":"2026-01-19T19:51:19","modified_gmt":"2026-01-19T18:51:19","slug":"links","status":"publish","type":"page","link":"https:\/\/truckonline.de\/blog\/links\/","title":{"rendered":"Anderswo"},"content":{"rendered":"\n<p>Die Links sind alphabetisch geordnet, die Reihenfolge hat also nix mit einer Empfehlung oder Pr\u00e4ferenz zu tun.<\/p>\n\n\n<p><a href=\"https:\/\/caasn.de\/\" target=\"_blank\" rel=\"noopener noreferrer\">Caasn<\/a><br \/><a href=\"http:\/\/www.derglaser.de\/\" target=\"_blank\" rel=\"noopener noreferrer\">derGlaser<\/a><br><a href=\"https:\/\/noemix.wordpress.com\/\" target=\"_blank\" rel=\"noopener noreferrer\">N\u00f6mix<\/a><br \/><a href=\"https:\/\/www.shopblogger.de\/blog\/\" target=\"_blank\" rel=\"noopener noreferrer\">Shopblogger <\/a><br><a href=\"https:\/\/thevisualchronicle.com\/\" target=\"_blank\" rel=\"noopener noreferrer\">The Visual Chronicle<\/a><br \/><a href=\"http:\/\/neun12.de\/\" target=\"_blank\" rel=\"noopener noreferrer\">Tom\u2019s Diner<\/a><br \/><a href=\"http:\/\/www.tour-blog.de\/\" target=\"_blank\" rel=\"noopener noreferrer\">Tour Blog <\/a><\/p>\n<hr style=\"width: 200px;\" \/>\n<p><a href=\"https:\/\/busfahrer-gesucht.de\" target=\"_blank\" rel=\"noopener noreferrer\">Busfahrer gesucht<\/a><br \/><a href=\"https:\/\/www.sandax.de\/ladungssicherung\/\" target=\"_blank\" rel=\"noopener noreferrer\">Ladungssicherung Online-Shop <\/a><br>\n<a href=\"https:\/\/www.lkw-fahrer-gesucht.com\/\" target=\"_blank\" rel=\"noopener noreferrer\">LKW-Fahrer-gesucht.com <\/a><br \/><\/p>\n<hr style=\"width: 200px;\" \/>\n<p><a href=\"http:\/\/blog.actrophp.de\/\" target=\"_blank\" rel=\"noopener noreferrer\">ActroBlog <\/a><br \/><a href=\"http:\/\/www.christiansblog.eu\/\/\" target=\"_blank\" rel=\"noopener noreferrer\">Christian&#8217;s Blog <\/a><br><a href=\"https:\/\/www.gesunde-trucker.com\/\" target=\"_blank\" rel=\"noopener noreferrer\">Gesunde Trucker <\/a><br><a href=\"https:\/\/gb-log.de\/\" target=\"_blank\" rel=\"noopener noreferrer\">G\u00f6tz Bopp &#8211; Logistikberatung <\/a><br \/><a href=\"https:\/\/rocknrolltrucking.blogspot.de\/\" target=\"_blank\" rel=\"noopener noreferrer\">RocknrollTrucking <\/a><br \/><a href=\"https:\/\/vw-bully.blogspot.com\/\" target=\"_blank\" rel=\"noopener noreferrer\">VW Bully Blog <\/a><\/p>\n<hr style=\"width: 200px;\" \/>\n<p><a href=\"https:\/\/www.herpa.de\/\" target=\"_blank\" rel=\"noopener noreferrer\">Herpa Modellbau<\/a><br \/><a href=\"http:\/\/blog.revell.de\/\" target=\"_blank\" rel=\"noopener noreferrer\">Revell-Blog<\/a><\/p>\n<hr style=\"width: 200px;\" \/>\n<p><a href=\"https:\/\/www.bvl.de\/blog\/\" target=\"_blank\" rel=\"noopener noreferrer\">BVL-Blog <\/a><br \/><a href=\"https:\/\/www.justin-time.blog\/\" target=\"_blank\" rel=\"noopener noreferrer\">Just in Time Blog<\/a> <br \/><a href=\"https:\/\/www.logistik-watchblog.de\/\" target=\"_blank\" rel=\"noopener noreferrer\">logistik-Watchblog <\/a><br \/><a href=\"https:\/\/toll-collect-blog.de\/\" target=\"_blank\" rel=\"noopener noreferrer\">Toll-Collect<\/a><br \/><a href=\"https:\/\/www.unermuedlich.blog\/\" target=\"_blank\" rel=\"noopener noreferrer\">Unerm\u00fcdlich Semperit <\/a><\/p>\n<hr style=\"width: 200px;\" \/>\n<p><a href=\"https:\/\/logistik4punktnull.de\/\">Logistik4punktnull<\/a><\/p>\n<hr style=\"width: 200px;\" \/>\n<p><a href=\"https:\/\/www.dvz.de\/\" target=\"_blank\" rel=\"noopener noreferrer\">Deutsche Verkehrszeitung<\/a><br \/><a href=\"https:\/\/www.eurotransport.de\/\" target=\"_blank\" rel=\"noopener noreferrer\">Eurotransport<\/a><br \/><a href=\"https:\/\/www.eurotransport.de\/fernfahrer-429961.html\" target=\"_blank\" rel=\"noopener noreferrer\">Fernfahrer<\/a><br \/><a href=\"https:\/\/www.swisscamion.ch\/\" target=\"_blank\" rel=\"noopener noreferrer\">SwissCamion<\/a><br \/><a href=\"https:\/\/www.eurotransport.de\/transaktuell\/\" target=\"_blank\" rel=\"noopener noreferrer\">Transaktuell<\/a><br \/>\n<a href=\"https:\/\/trans.info\/de\" target=\"_blank\" rel=\"noopener\">Trans.Info<\/a> <br \/><a href=\"https:\/\/www.trucker.de\/\" target=\"_blank\" rel=\"noopener noreferrer\">Trucker <\/a> <br \/><a href=\"https:\/\/truckstar.nl\/\" target=\"_blank\" rel=\"noopener\">Truckstar<\/a> <br \/><a href=\"https:\/\/www.verkehrsrundschau.de\/\" target=\"_blank\" rel=\"noopener noreferrer\">Verkehrsrundschau<\/a><\/p>\n<hr style=\"width: 200px;\" \/>\n<p><a href=\"https:\/\/verkehrsrecht.gfu.com\/tag\/lkw\/\" target=\"_blank\" rel=\"noopener noreferrer\">Verkehrsrechtblog\/Lkw<\/a><\/p>\n<hr style=\"width: 200px;\" \/>\n\n\n<p><a rel=\"noreferrer noopener\" href=\"http:\/\/www.toprun.ch\/truck\/index_news.htm\" target=\"_blank\">t<\/a><a href=\"https:\/\/www.toprun.ch\/koken\/\" target=\"_blank\" rel=\"noreferrer noopener\">oprun.ch<\/a><\/p>\n\n\n<hr style=\"width: 200px;\">\n\n\n<p><a href=\"https:\/\/uicr.org\/\" target=\"_blank\" rel=\"noreferrer noopener\">uicr.org<\/a><\/p>\n\n\n<hr style=\"width: 200px;\">\n\n\n<p><a href=\"https:\/\/www.brummionline.com\/forum\/\">BrummiOnline Forum<\/a> <br><a href=\"https:\/\/www.forum-speditionen.de\/\">Forum Speditionen<\/a><\/p>\n\n<hr style=\"width: 200px;\" \/>\n<a href=\"https:\/\/dhl-freight-connections.com\/de\/blog\/\" target=\"_blank\" rel=\"noopener noreferrer\">DHL-Freight-Connections<\/a><br \/> <a href=\"https:\/\/blog.lila-logistik.com\/\" target=\"_blank\" rel=\"noopener noreferrer\">Lila-Logistik Blog<\/a><br \/> <a href=\"https:\/\/www.rhenus.group\/de\/de\/blog\/\" target=\"_blank\" rel=\"noopener noreferrer\">Rhenus-Logistik Blog<\/a><br \/> \n\n<hr style=\"width: 200px;\" \/>\n<a href=\"https:\/\/dgig.podigee.io\/\" target=\"_blank\" rel=\"noopener noreferrer\">Das Gleiche in Gr\u00fcn? Der Podcast f\u00fcr Nachhaltigkeit in Logistik und Lieferkette<\/a><br \/> <a href=\"https:\/\/logistikpodcast.de\/\" target=\"_blank\" rel=\"noopener noreferrer\">Logistik-Podcast<\/a><br \/> <a href=\"https:\/\/supplychainhelden.de\/\" target=\"_blank\" rel=\"noopener noreferrer\">SupplyChainHelden<\/a><br \/> <a href=\"https:\/\/the-passenger.podigee.io\/\" target=\"_blank\" rel=\"noopener noreferrer\">The Passenger. Die Zukunft der Mobilit\u00e4t<\/a><br \/> <a href=\"https:\/\/www.daimlertruck.com\/newsroom\/podcast\" target=\"_blank\" rel=\"noopener noreferrer\">Transportation Matters. Der Podcast von Daimler Truck.<\/a><br \/> \n<hr style=\"width: 200px;\" \/>\n<p><span style=\"color: #ff0000;\"><em>Lesezeichen<\/em>:<\/span><\/p>\n\n\n<p><a href=\"https:\/\/www.wz.de\/meinung\/bruecken-sperrung-lkw-verkehr-kommt-uns-teuer-zu-stehen_aid-30190869\">Br\u00fccken-Sperrung: Lkw-Verkehr kommt uns teuer zu stehen<\/a> (2012) <br><a href=\"https:\/\/www.welt.de\/channels-extern\/ipad3_welthd\/a_welt_ipad3\/wirtschaft_a_ipad3\/article13932932\/Gigaliner-scheitern-auf-den-letzten-Metern.html\">Gigaliner scheitern auf den letzten Metern<\/a> (2012)<br><a href=\"https:\/\/www.nwzonline.de\/wirtschaft\/gross-ippener-ausbildung-berufskraftfahrer-koennen-richtig-gut-verdienen_a_1,0,512780790.html#\">Berufskraftfahrer k\u00f6nnen richtig gut verdienen<\/a> (2012)<br><a href=\"https:\/\/www.ngo-online.de\/2001\/06\/03\/maut-entwicklung\/\">Maut Entwicklung und Geschichte<\/a> (2001)<br><a href=\"https:\/\/www.sn.at\/wirtschaft\/oesterreich\/2013-jeder-zweite-lkw-mit-auslands-kennzeichen-5888941\">2013 jeder zweite Lkw mit Auslands-Kennzeichen<\/a> (2012)<br><a href=\"https:\/\/www.lokalkompass.de\/duisburg\/c-politik\/kraftfahrermangel-2012-ist-das-die-loesung_a222301\">Kraftfahrermangel 2012 &#8211; ist das die L\u00f6sung?<\/a> (2012)<br><a href=\"https:\/\/schoepfblog.at\/christoph-themessl-on-the-road-mein-leben-als-lkw-fahrer-reportage\/\">On the Road<\/a> (2022)<br><a href=\"https:\/\/business.michelin.de\/blog\/articles\/der-langsame-aber-sichere-erfolg-der-lkw-fahrerinnen\">Der langsame aber sichere Erfolg der Fahrerinnen<\/a> (2021)<br><a href=\"https:\/\/salto.bz\/de\/article\/17012022\/die-brennerautobahn-als-stromlieferant\">Die Brennerautobahn als Stromlieferant<\/a> (2022)<br><a href=\"https:\/\/www.verliebt-in-italien.at\/strassenverkehr-in-italien\/\">Regeln im Stra\u00dfenverkehr in Italien<\/a> (2023)<br><a href=\"https:\/\/forum.chefduzen.de\/index.php?topic=27919.5;wap2\">Wilder Streik bei Dinotrans<\/a> (2014)<br><a href=\"https:\/\/trans.info\/de\/tiroler-willkuer-trifft-auf-unfaehigkeit-ignoranz-und-untaetigkeit-auf-eu-ebene-235254\">Tiroler Willk\u00fcr trifft auf Unf\u00e4higkeit, Ignoranz und Willk\u00fcr<\/a> (2021)<br><a href=\"https:\/\/kurier.at\/chronik\/oesterreich\/lkw-nach-wie-vor-eine-toedliche-gefahr-fuer-fussgaenger-und-radler\/401172739\">Lkw nach wie vor eine t\u00f6dliche Gefahr f\u00fcr Radfahrer<\/a> (2021)<br><a href=\"https:\/\/www.thueringer-allgemeine.de\/regionen\/eisenach\/vor-benteler-in-eisenach-zeigt-sich-eine-sauerei-id231776543.html\">Vor Benteler in Eisenach zeigt sich eine Sauerei<\/a> (+) (2021)<br><a href=\"https:\/\/www.mdr.de\/nachrichten\/thueringen\/corona-lkw-alltagshelden-logistik-100.html\">Trucker in Corona-Zeiten<\/a> (2020)<br><a href=\"https:\/\/www.helmuts-fahrrad-seiten.de\/forum\/viewtopic.php?t=8305\">Vorsicht &#8222;toter Winkel&#8220;<\/a> (2014)<br><a href=\"https:\/\/www.welt.de\/motor\/article160460871\/Lkw-ueberholen-zu-lassen-ist-unnoetiger-Anachronismus.html\">Lkw \u00fcberholen zu lassen, ist unn\u00f6tiger Anachronismus<\/a> (2017)<br><\/p>\n","protected":false},"excerpt":{"rendered":"<p>Die Links sind alphabetisch geordnet, die Reihenfolge hat also nix mit einer Empfehlung oder Pr\u00e4ferenz zu tun. CaasnderGlaserN\u00f6mixShopblogger The Visual ChronicleTom\u2019s DinerTour Blog Busfahrer gesuchtLadungssicherung&#8230;<\/p>\n<div class=\"more-link-wrapper\"><a class=\"more-link\" href=\"https:\/\/truckonline.de\/blog\/links\/\">Sie haben Ihr Ziel fast erreicht.<span class=\"screen-reader-text\">Anderswo<\/span><\/a><\/div>\n","protected":false},"author":3,"featured_media":0,"parent":0,"menu_order":0,"comment_status":"closed","ping_status":"closed","template":"","meta":{"iawp_total_views":44,"_metis_text_type":"standard","_metis_text_length":1800,"_post_count":0,"footnotes":""},"class_list":["post-3309","page","type-page","status-publish","hentry","ratio-2-1","entry"],"yoast_head":"<!-- This site is optimized with the Yoast SEO plugin v27.4 - https:\/\/yoast.com\/product\/yoast-seo-wordpress\/ -->\n<title>Anderswo | TruckOnline.de<\/title>\n<meta name=\"description\" content=\"Die Links sind alphabetisch geordnet, die Reihenfolge hat also nix mit einer Empfehlung oder Pr\u00e4ferenz zu tun. CaasnderGlaserN\u00f6mixShopblogger The Visual\" \/>\n<meta name=\"robots\" content=\"index, follow, max-snippet:-1, max-image-preview:large, max-video-preview:-1\" \/>\n<link rel=\"canonical\" href=\"https:\/\/truckonline.de\/blog\/links\/\" \/>\n<meta property=\"og:locale\" content=\"de_DE\" \/>\n<meta property=\"og:type\" content=\"article\" \/>\n<meta property=\"og:title\" content=\"Anderswo | TruckOnline.de\" \/>\n<meta property=\"og:url\" content=\"https:\/\/truckonline.de\/blog\/links\/\" \/>\n<meta property=\"og:site_name\" content=\"TruckOnline.de\" \/>\n<meta property=\"article:publisher\" content=\"https:\/\/www.facebook.com\/truckblog\" \/>\n<meta property=\"article:modified_time\" content=\"2026-01-19T18:51:19+00:00\" \/>\n<meta property=\"og:image\" content=\"https:\/\/truckonline.de\/blog\/wp-content\/uploads\/2019\/12\/IMG_20191229_225424-scaled.jpg\" \/>\n\t<meta property=\"og:image:width\" content=\"2560\" \/>\n\t<meta property=\"og:image:height\" content=\"1920\" \/>\n\t<meta property=\"og:image:type\" content=\"image\/jpeg\" \/>\n<meta name=\"twitter:card\" content=\"summary_large_image\" \/>\n<meta name=\"twitter:site\" content=\"@truckblog\" \/>\n<meta name=\"twitter:label1\" content=\"Gesch\u00e4tzte Lesezeit\" \/>\n\t<meta name=\"twitter:data1\" content=\"2\u00a0Minuten\" \/>\n<script type=\"application\/ld+json\" class=\"yoast-schema-graph\">{\"@context\":\"https:\\\/\\\/schema.org\",\"@graph\":[{\"@type\":\"Article\",\"@id\":\"https:\\\/\\\/truckonline.de\\\/blog\\\/links\\\/#article\",\"isPartOf\":{\"@id\":\"https:\\\/\\\/truckonline.de\\\/blog\\\/links\\\/\"},\"author\":{\"name\":\"maik\",\"@id\":\"https:\\\/\\\/truckonline.de\\\/blog\\\/#\\\/schema\\\/person\\\/4cb59b86ffde81f882f56439688fda19\"},\"headline\":\"Anderswo\",\"datePublished\":\"2012-12-08T23:05:10+00:00\",\"dateModified\":\"2026-01-19T18:51:19+00:00\",\"mainEntityOfPage\":{\"@id\":\"https:\\\/\\\/truckonline.de\\\/blog\\\/links\\\/\"},\"wordCount\":230,\"publisher\":{\"@id\":\"https:\\\/\\\/truckonline.de\\\/blog\\\/#\\\/schema\\\/person\\\/4cb59b86ffde81f882f56439688fda19\"},\"inLanguage\":\"de\"},{\"@type\":\"WebPage\",\"@id\":\"https:\\\/\\\/truckonline.de\\\/blog\\\/links\\\/\",\"url\":\"https:\\\/\\\/truckonline.de\\\/blog\\\/links\\\/\",\"name\":\"Anderswo | TruckOnline.de\",\"isPartOf\":{\"@id\":\"https:\\\/\\\/truckonline.de\\\/blog\\\/#website\"},\"datePublished\":\"2012-12-08T23:05:10+00:00\",\"dateModified\":\"2026-01-19T18:51:19+00:00\",\"description\":\"Die Links sind alphabetisch geordnet, die Reihenfolge hat also nix mit einer Empfehlung oder Pr\u00e4ferenz zu tun. CaasnderGlaserN\u00f6mixShopblogger The Visual\",\"breadcrumb\":{\"@id\":\"https:\\\/\\\/truckonline.de\\\/blog\\\/links\\\/#breadcrumb\"},\"inLanguage\":\"de\",\"potentialAction\":[{\"@type\":\"ReadAction\",\"target\":[\"https:\\\/\\\/truckonline.de\\\/blog\\\/links\\\/\"]}]},{\"@type\":\"BreadcrumbList\",\"@id\":\"https:\\\/\\\/truckonline.de\\\/blog\\\/links\\\/#breadcrumb\",\"itemListElement\":[{\"@type\":\"ListItem\",\"position\":1,\"name\":\"Startseite\",\"item\":\"https:\\\/\\\/truckonline.de\\\/blog\\\/\"},{\"@type\":\"ListItem\",\"position\":2,\"name\":\"Anderswo\"}]},{\"@type\":\"WebSite\",\"@id\":\"https:\\\/\\\/truckonline.de\\\/blog\\\/#website\",\"url\":\"https:\\\/\\\/truckonline.de\\\/blog\\\/\",\"name\":\"TruckOnline.de\",\"description\":\"\",\"publisher\":{\"@id\":\"https:\\\/\\\/truckonline.de\\\/blog\\\/#\\\/schema\\\/person\\\/4cb59b86ffde81f882f56439688fda19\"},\"potentialAction\":[{\"@type\":\"SearchAction\",\"target\":{\"@type\":\"EntryPoint\",\"urlTemplate\":\"https:\\\/\\\/truckonline.de\\\/blog\\\/?s={search_term_string}\"},\"query-input\":{\"@type\":\"PropertyValueSpecification\",\"valueRequired\":true,\"valueName\":\"search_term_string\"}}],\"inLanguage\":\"de\"},{\"@type\":[\"Person\",\"Organization\"],\"@id\":\"https:\\\/\\\/truckonline.de\\\/blog\\\/#\\\/schema\\\/person\\\/4cb59b86ffde81f882f56439688fda19\",\"name\":\"maik\",\"image\":{\"@type\":\"ImageObject\",\"inLanguage\":\"de\",\"@id\":\"https:\\\/\\\/truckonline.de\\\/blog\\\/wp-content\\\/uploads\\\/2019\\\/12\\\/logoinnenweiss.png\",\"url\":\"https:\\\/\\\/truckonline.de\\\/blog\\\/wp-content\\\/uploads\\\/2019\\\/12\\\/logoinnenweiss.png\",\"contentUrl\":\"https:\\\/\\\/truckonline.de\\\/blog\\\/wp-content\\\/uploads\\\/2019\\\/12\\\/logoinnenweiss.png\",\"width\":733,\"height\":125,\"caption\":\"maik\"},\"logo\":{\"@id\":\"https:\\\/\\\/truckonline.de\\\/blog\\\/wp-content\\\/uploads\\\/2019\\\/12\\\/logoinnenweiss.png\"},\"sameAs\":[\"https:\\\/\\\/www.facebook.com\\\/truckblog\",\"https:\\\/\\\/www.instagram.com\\\/truck_online\\\/\",\"https:\\\/\\\/x.com\\\/https:\\\/\\\/twitter.com\\\/truckblog\",\"https:\\\/\\\/www.youtube.com\\\/user\\\/truckonline\",\"https:\\\/\\\/www.tumblr.com\\\/truckonline\"]}]}<\/script>\n<!-- \/ Yoast SEO plugin. -->","yoast_head_json":{"title":"Anderswo | TruckOnline.de","description":"Die Links sind alphabetisch geordnet, die Reihenfolge hat also nix mit einer Empfehlung oder Pr\u00e4ferenz zu tun. CaasnderGlaserN\u00f6mixShopblogger The Visual","robots":{"index":"index","follow":"follow","max-snippet":"max-snippet:-1","max-image-preview":"max-image-preview:large","max-video-preview":"max-video-preview:-1"},"canonical":"https:\/\/truckonline.de\/blog\/links\/","og_locale":"de_DE","og_type":"article","og_title":"Anderswo | TruckOnline.de","og_url":"https:\/\/truckonline.de\/blog\/links\/","og_site_name":"TruckOnline.de","article_publisher":"https:\/\/www.facebook.com\/truckblog","article_modified_time":"2026-01-19T18:51:19+00:00","og_image":[{"width":2560,"height":1920,"url":"https:\/\/truckonline.de\/blog\/wp-content\/uploads\/2019\/12\/IMG_20191229_225424-scaled.jpg","type":"image\/jpeg"}],"twitter_card":"summary_large_image","twitter_site":"@truckblog","twitter_misc":{"Gesch\u00e4tzte Lesezeit":"2\u00a0Minuten"},"schema":{"@context":"https:\/\/schema.org","@graph":[{"@type":"Article","@id":"https:\/\/truckonline.de\/blog\/links\/#article","isPartOf":{"@id":"https:\/\/truckonline.de\/blog\/links\/"},"author":{"name":"maik","@id":"https:\/\/truckonline.de\/blog\/#\/schema\/person\/4cb59b86ffde81f882f56439688fda19"},"headline":"Anderswo","datePublished":"2012-12-08T23:05:10+00:00","dateModified":"2026-01-19T18:51:19+00:00","mainEntityOfPage":{"@id":"https:\/\/truckonline.de\/blog\/links\/"},"wordCount":230,"publisher":{"@id":"https:\/\/truckonline.de\/blog\/#\/schema\/person\/4cb59b86ffde81f882f56439688fda19"},"inLanguage":"de"},{"@type":"WebPage","@id":"https:\/\/truckonline.de\/blog\/links\/","url":"https:\/\/truckonline.de\/blog\/links\/","name":"Anderswo | TruckOnline.de","isPartOf":{"@id":"https:\/\/truckonline.de\/blog\/#website"},"datePublished":"2012-12-08T23:05:10+00:00","dateModified":"2026-01-19T18:51:19+00:00","description":"Die Links sind alphabetisch geordnet, die Reihenfolge hat also nix mit einer Empfehlung oder Pr\u00e4ferenz zu tun. CaasnderGlaserN\u00f6mixShopblogger The Visual","breadcrumb":{"@id":"https:\/\/truckonline.de\/blog\/links\/#breadcrumb"},"inLanguage":"de","potentialAction":[{"@type":"ReadAction","target":["https:\/\/truckonline.de\/blog\/links\/"]}]},{"@type":"BreadcrumbList","@id":"https:\/\/truckonline.de\/blog\/links\/#breadcrumb","itemListElement":[{"@type":"ListItem","position":1,"name":"Startseite","item":"https:\/\/truckonline.de\/blog\/"},{"@type":"ListItem","position":2,"name":"Anderswo"}]},{"@type":"WebSite","@id":"https:\/\/truckonline.de\/blog\/#website","url":"https:\/\/truckonline.de\/blog\/","name":"TruckOnline.de","description":"","publisher":{"@id":"https:\/\/truckonline.de\/blog\/#\/schema\/person\/4cb59b86ffde81f882f56439688fda19"},"potentialAction":[{"@type":"SearchAction","target":{"@type":"EntryPoint","urlTemplate":"https:\/\/truckonline.de\/blog\/?s={search_term_string}"},"query-input":{"@type":"PropertyValueSpecification","valueRequired":true,"valueName":"search_term_string"}}],"inLanguage":"de"},{"@type":["Person","Organization"],"@id":"https:\/\/truckonline.de\/blog\/#\/schema\/person\/4cb59b86ffde81f882f56439688fda19","name":"maik","image":{"@type":"ImageObject","inLanguage":"de","@id":"https:\/\/truckonline.de\/blog\/wp-content\/uploads\/2019\/12\/logoinnenweiss.png","url":"https:\/\/truckonline.de\/blog\/wp-content\/uploads\/2019\/12\/logoinnenweiss.png","contentUrl":"https:\/\/truckonline.de\/blog\/wp-content\/uploads\/2019\/12\/logoinnenweiss.png","width":733,"height":125,"caption":"maik"},"logo":{"@id":"https:\/\/truckonline.de\/blog\/wp-content\/uploads\/2019\/12\/logoinnenweiss.png"},"sameAs":["https:\/\/www.facebook.com\/truckblog","https:\/\/www.instagram.com\/truck_online\/","https:\/\/x.com\/https:\/\/twitter.com\/truckblog","https:\/\/www.youtube.com\/user\/truckonline","https:\/\/www.tumblr.com\/truckonline"]}]}},"public_identification_id":"c6aebe4d8c6e40d5b32846948ef67f4f","private_identification_id":"ee8f7c32f4e042b28f07fda1421cf3db","_links":{"self":[{"href":"https:\/\/truckonline.de\/blog\/wp-json\/wp\/v2\/pages\/3309","targetHints":{"allow":["GET"]}}],"collection":[{"href":"https:\/\/truckonline.de\/blog\/wp-json\/wp\/v2\/pages"}],"about":[{"href":"https:\/\/truckonline.de\/blog\/wp-json\/wp\/v2\/types\/page"}],"author":[{"embeddable":true,"href":"https:\/\/truckonline.de\/blog\/wp-json\/wp\/v2\/users\/3"}],"replies":[{"embeddable":true,"href":"https:\/\/truckonline.de\/blog\/wp-json\/wp\/v2\/comments?post=3309"}],"version-history":[{"count":156,"href":"https:\/\/truckonline.de\/blog\/wp-json\/wp\/v2\/pages\/3309\/revisions"}],"predecessor-version":[{"id":14803,"href":"https:\/\/truckonline.de\/blog\/wp-json\/wp\/v2\/pages\/3309\/revisions\/14803"}],"wp:attachment":[{"href":"https:\/\/truckonline.de\/blog\/wp-json\/wp\/v2\/media?parent=3309"}],"curies":[{"name":"wp","href":"https:\/\/api.w.org\/{rel}","templated":true}]}}